{"id":1816,"date":"2021-09-19T19:25:11","date_gmt":"2021-09-19T17:25:11","guid":{"rendered":"https:\/\/labelagesolutions.com\/product\/intensive-exfoliating-mask\/"},"modified":"2021-12-24T11:58:37","modified_gmt":"2021-12-24T10:58:37","slug":"intensive-exfoliating-mask","status":"publish","type":"product","link":"https:\/\/labelagesolutions.com\/de\/produkt\/intensive-exfoliating-mask\/","title":{"rendered":"INTENSIVE EXFOLIATING MASK"},"content":{"rendered":"<p>Dieses luxuri\u00f6se Peeling wurde entwickelt, um die strahlende, jugendliche neue Hautschicht zum Vorschein zu bringen, indem abgestorbene Hautzellen an der Oberfl\u00e4che sanft entfernt werden und die Haut anschlie\u00dfend mit einer reichhaltigen Antioxidantien-Infusion gesch\u00fctzt wird.<\/p>\n","protected":false},"excerpt":{"rendered":"<p>Dieses luxuri\u00f6se Peeling wurde entwickelt, um die strahlende, jugendliche neue Hautschicht zum Vorschein zu bringen, indem abgestorbene Hautzellen an der Oberfl\u00e4che sanft entfernt werden und die Haut anschlie\u00dfend mit einer reichhaltigen Antioxidantien-Infusion gesch\u00fctzt wird.<\/p>\n","protected":false},"featured_media":1401,"template":"","meta":{"_acf_changed":false},"product_brand":[],"product_cat":[55,68],"product_tag":[80],"class_list":{"0":"post-1816","1":"product","2":"type-product","3":"status-publish","4":"has-post-thumbnail","6":"product_cat-face-de","7":"product_cat-uncategorized-de","8":"product_tag-single_product-de","10":"first","11":"instock","12":"taxable","13":"shipping-taxable","14":"purchasable","15":"product-type-simple"},"acf":[],"_links":{"self":[{"href":"https:\/\/labelagesolutions.com\/de\/wp-json\/wp\/v2\/product\/1816","targetHints":{"allow":["GET"]}}],"collection":[{"href":"https:\/\/labelagesolutions.com\/de\/wp-json\/wp\/v2\/product"}],"about":[{"href":"https:\/\/labelagesolutions.com\/de\/wp-json\/wp\/v2\/types\/product"}],"wp:featuredmedia":[{"embeddable":true,"href":"https:\/\/labelagesolutions.com\/de\/wp-json\/wp\/v2\/media\/1401"}],"wp:attachment":[{"href":"https:\/\/labelagesolutions.com\/de\/wp-json\/wp\/v2\/media?parent=1816"}],"wp:term":[{"taxonomy":"product_brand","embeddable":true,"href":"https:\/\/labelagesolutions.com\/de\/wp-json\/wp\/v2\/product_brand?post=1816"},{"taxonomy":"product_cat","embeddable":true,"href":"https:\/\/labelagesolutions.com\/de\/wp-json\/wp\/v2\/product_cat?post=1816"},{"taxonomy":"product_tag","embeddable":true,"href":"https:\/\/labelagesolutions.com\/de\/wp-json\/wp\/v2\/product_tag?post=1816"}],"curies":[{"name":"wp","href":"https:\/\/api.w.org\/{rel}","templated":true}]}}