{"id":1710,"date":"2021-09-18T11:41:16","date_gmt":"2021-09-18T09:41:16","guid":{"rendered":"https:\/\/labelagesolutions.com\/product\/creme-de-jour-anti-rides\/"},"modified":"2021-12-22T18:29:54","modified_gmt":"2021-12-22T17:29:54","slug":"creme-de-jour-anti-rides","status":"publish","type":"product","link":"https:\/\/labelagesolutions.com\/fr\/produit\/creme-de-jour-anti-rides\/","title":{"rendered":"CR\u00c8ME DE JOUR ANTI-RIDES"},"content":{"rendered":"<p>Cette cr\u00e8me quotidienne intens\u00e9ment riche et profond\u00e9ment hydratante aide \u00e0 restaurer les fonctions de la peau qui permettent de la garder jeune, en am\u00e9liorant consid\u00e9rablement votre teint et en prot\u00e9geant la peau des facteurs environnementaux et de stress nuisibles.<\/p>\n","protected":false},"excerpt":{"rendered":"<p>Cette cr\u00e8me quotidienne intens\u00e9ment riche et profond\u00e9ment hydratante aide \u00e0 restaurer les fonctions de la peau qui permettent de la garder jeune, en am\u00e9liorant consid\u00e9rablement votre teint et en prot\u00e9geant la peau des facteurs environnementaux et de stress nuisibles.<\/p>\n","protected":false},"featured_media":1346,"template":"","meta":{"_acf_changed":false},"product_brand":[],"product_cat":[57,69],"product_tag":[79],"class_list":{"0":"post-1710","1":"product","2":"type-product","3":"status-publish","4":"has-post-thumbnail","6":"product_cat-face-fr","7":"product_cat-uncategorized-fr","8":"product_tag-single_product-fr","10":"first","11":"instock","12":"taxable","13":"shipping-taxable","14":"purchasable","15":"product-type-simple"},"acf":[],"_links":{"self":[{"href":"https:\/\/labelagesolutions.com\/fr\/wp-json\/wp\/v2\/product\/1710","targetHints":{"allow":["GET"]}}],"collection":[{"href":"https:\/\/labelagesolutions.com\/fr\/wp-json\/wp\/v2\/product"}],"about":[{"href":"https:\/\/labelagesolutions.com\/fr\/wp-json\/wp\/v2\/types\/product"}],"wp:featuredmedia":[{"embeddable":true,"href":"https:\/\/labelagesolutions.com\/fr\/wp-json\/wp\/v2\/media\/1346"}],"wp:attachment":[{"href":"https:\/\/labelagesolutions.com\/fr\/wp-json\/wp\/v2\/media?parent=1710"}],"wp:term":[{"taxonomy":"product_brand","embeddable":true,"href":"https:\/\/labelagesolutions.com\/fr\/wp-json\/wp\/v2\/product_brand?post=1710"},{"taxonomy":"product_cat","embeddable":true,"href":"https:\/\/labelagesolutions.com\/fr\/wp-json\/wp\/v2\/product_cat?post=1710"},{"taxonomy":"product_tag","embeddable":true,"href":"https:\/\/labelagesolutions.com\/fr\/wp-json\/wp\/v2\/product_tag?post=1710"}],"curies":[{"name":"wp","href":"https:\/\/api.w.org\/{rel}","templated":true}]}}