{"id":1713,"date":"2021-09-19T18:40:00","date_gmt":"2021-09-19T16:40:00","guid":{"rendered":"https:\/\/labelagesolutions.com\/product\/wrinkle-repair-serum\/"},"modified":"2021-12-22T18:57:24","modified_gmt":"2021-12-22T17:57:24","slug":"serum-reparateur-de-rides","status":"publish","type":"product","link":"https:\/\/labelagesolutions.com\/fr\/produit\/serum-reparateur-de-rides\/","title":{"rendered":"S\u00c9RUM R\u00c9PARATEUR DE RIDES"},"content":{"rendered":"<p>R\u00e9put\u00e9 pour sa capacit\u00e9 \u00e0 rajeunir et \u00e0 illuminer le teint, cet \u00e9lixir de renouvellement cellulaire contient de v\u00e9ritables extraits de caviar qui agissent en tandem avec des plantes et des peptides puissants pour retendre la peau de votre visage et de votre cou et favoriser le renouvellement du collag\u00e8ne pour un lifting durable.<\/p>\n","protected":false},"excerpt":{"rendered":"<p>R\u00e9put\u00e9 pour sa capacit\u00e9 \u00e0 rajeunir et \u00e0 illuminer le teint, cet \u00e9lixir de renouvellement cellulaire contient de v\u00e9ritables extraits de caviar qui agissent en tandem avec des plantes et des peptides puissants pour retendre la peau de votre visage et de votre cou et favoriser le renouvellement du collag\u00e8ne pour un lifting durable.<\/p>\n","protected":false},"featured_media":1373,"template":"","meta":{"_acf_changed":false},"product_brand":[],"product_cat":[57,69],"product_tag":[79],"class_list":{"0":"post-1713","1":"product","2":"type-product","3":"status-publish","4":"has-post-thumbnail","6":"product_cat-face-fr","7":"product_cat-uncategorized-fr","8":"product_tag-single_product-fr","10":"first","11":"instock","12":"taxable","13":"shipping-taxable","14":"purchasable","15":"product-type-simple"},"acf":[],"_links":{"self":[{"href":"https:\/\/labelagesolutions.com\/fr\/wp-json\/wp\/v2\/product\/1713","targetHints":{"allow":["GET"]}}],"collection":[{"href":"https:\/\/labelagesolutions.com\/fr\/wp-json\/wp\/v2\/product"}],"about":[{"href":"https:\/\/labelagesolutions.com\/fr\/wp-json\/wp\/v2\/types\/product"}],"wp:featuredmedia":[{"embeddable":true,"href":"https:\/\/labelagesolutions.com\/fr\/wp-json\/wp\/v2\/media\/1373"}],"wp:attachment":[{"href":"https:\/\/labelagesolutions.com\/fr\/wp-json\/wp\/v2\/media?parent=1713"}],"wp:term":[{"taxonomy":"product_brand","embeddable":true,"href":"https:\/\/labelagesolutions.com\/fr\/wp-json\/wp\/v2\/product_brand?post=1713"},{"taxonomy":"product_cat","embeddable":true,"href":"https:\/\/labelagesolutions.com\/fr\/wp-json\/wp\/v2\/product_cat?post=1713"},{"taxonomy":"product_tag","embeddable":true,"href":"https:\/\/labelagesolutions.com\/fr\/wp-json\/wp\/v2\/product_tag?post=1713"}],"curies":[{"name":"wp","href":"https:\/\/api.w.org\/{rel}","templated":true}]}}