{"id":1716,"date":"2021-09-19T18:45:53","date_gmt":"2021-09-19T16:45:53","guid":{"rendered":"https:\/\/labelagesolutions.com\/product\/intensive-facial-mask\/"},"modified":"2021-12-23T08:03:41","modified_gmt":"2021-12-23T07:03:41","slug":"masque-visage-intensif","status":"publish","type":"product","link":"https:\/\/labelagesolutions.com\/fr\/produit\/masque-visage-intensif\/","title":{"rendered":"MASQUE VISAGE INTENSIF"},"content":{"rendered":"<p>Ressentez une hydratation profonde et un \u00e9clat de jeunesse gr\u00e2ce \u00e0 ce masque luxueux : le summum de l\u2019exp\u00e9rience de nutrition et de r\u00e9g\u00e9n\u00e9ration qui rajeunit et restaure votre peau \u00e0 long terme.<\/p>\n","protected":false},"excerpt":{"rendered":"<p>Ressentez une hydratation profonde et un \u00e9clat de jeunesse gr\u00e2ce \u00e0 ce masque luxueux : le summum de l\u2019exp\u00e9rience de nutrition et de r\u00e9g\u00e9n\u00e9ration qui rajeunit et restaure votre peau \u00e0 long terme.<\/p>\n","protected":false},"featured_media":1382,"template":"","meta":{"_acf_changed":false},"product_brand":[],"product_cat":[57,69],"product_tag":[79],"class_list":{"0":"post-1716","1":"product","2":"type-product","3":"status-publish","4":"has-post-thumbnail","6":"product_cat-face-fr","7":"product_cat-uncategorized-fr","8":"product_tag-single_product-fr","10":"first","11":"instock","12":"taxable","13":"shipping-taxable","14":"purchasable","15":"product-type-simple"},"acf":[],"_links":{"self":[{"href":"https:\/\/labelagesolutions.com\/fr\/wp-json\/wp\/v2\/product\/1716","targetHints":{"allow":["GET"]}}],"collection":[{"href":"https:\/\/labelagesolutions.com\/fr\/wp-json\/wp\/v2\/product"}],"about":[{"href":"https:\/\/labelagesolutions.com\/fr\/wp-json\/wp\/v2\/types\/product"}],"wp:featuredmedia":[{"embeddable":true,"href":"https:\/\/labelagesolutions.com\/fr\/wp-json\/wp\/v2\/media\/1382"}],"wp:attachment":[{"href":"https:\/\/labelagesolutions.com\/fr\/wp-json\/wp\/v2\/media?parent=1716"}],"wp:term":[{"taxonomy":"product_brand","embeddable":true,"href":"https:\/\/labelagesolutions.com\/fr\/wp-json\/wp\/v2\/product_brand?post=1716"},{"taxonomy":"product_cat","embeddable":true,"href":"https:\/\/labelagesolutions.com\/fr\/wp-json\/wp\/v2\/product_cat?post=1716"},{"taxonomy":"product_tag","embeddable":true,"href":"https:\/\/labelagesolutions.com\/fr\/wp-json\/wp\/v2\/product_tag?post=1716"}],"curies":[{"name":"wp","href":"https:\/\/api.w.org\/{rel}","templated":true}]}}