{"id":1722,"date":"2021-09-19T19:19:05","date_gmt":"2021-09-19T17:19:05","guid":{"rendered":"https:\/\/labelagesolutions.com\/product\/deep-cleansing-facial-gel\/"},"modified":"2021-12-23T07:59:40","modified_gmt":"2021-12-23T06:59:40","slug":"gel-purifiant-visage","status":"publish","type":"product","link":"https:\/\/labelagesolutions.com\/fr\/produit\/gel-purifiant-visage\/","title":{"rendered":"GEL PURIFIANT VISAGE"},"content":{"rendered":"<p>Ce nettoyant quotidien revitalisant, infus\u00e9 d\u2019hyaluronate, laisse votre peau purifi\u00e9e et rafra\u00eechie tout en prot\u00e9geant l'\u00e9quilibre lipidique naturel. C'est un d\u00e9but enchanteur pour votre rituel de soins de la peau.<\/p>\n","protected":false},"excerpt":{"rendered":"<p>Ce nettoyant quotidien revitalisant, infus\u00e9 d\u2019hyaluronate, laisse votre peau purifi\u00e9e et rafra\u00eechie tout en prot\u00e9geant l'\u00e9quilibre lipidique naturel. C'est un d\u00e9but enchanteur pour votre rituel de soins de la peau.<\/p>\n","protected":false},"featured_media":1394,"template":"","meta":{"_acf_changed":false},"product_brand":[],"product_cat":[57,69],"product_tag":[79],"class_list":{"0":"post-1722","1":"product","2":"type-product","3":"status-publish","4":"has-post-thumbnail","6":"product_cat-face-fr","7":"product_cat-uncategorized-fr","8":"product_tag-single_product-fr","10":"first","11":"instock","12":"taxable","13":"shipping-taxable","14":"purchasable","15":"product-type-simple"},"acf":[],"_links":{"self":[{"href":"https:\/\/labelagesolutions.com\/fr\/wp-json\/wp\/v2\/product\/1722","targetHints":{"allow":["GET"]}}],"collection":[{"href":"https:\/\/labelagesolutions.com\/fr\/wp-json\/wp\/v2\/product"}],"about":[{"href":"https:\/\/labelagesolutions.com\/fr\/wp-json\/wp\/v2\/types\/product"}],"wp:featuredmedia":[{"embeddable":true,"href":"https:\/\/labelagesolutions.com\/fr\/wp-json\/wp\/v2\/media\/1394"}],"wp:attachment":[{"href":"https:\/\/labelagesolutions.com\/fr\/wp-json\/wp\/v2\/media?parent=1722"}],"wp:term":[{"taxonomy":"product_brand","embeddable":true,"href":"https:\/\/labelagesolutions.com\/fr\/wp-json\/wp\/v2\/product_brand?post=1722"},{"taxonomy":"product_cat","embeddable":true,"href":"https:\/\/labelagesolutions.com\/fr\/wp-json\/wp\/v2\/product_cat?post=1722"},{"taxonomy":"product_tag","embeddable":true,"href":"https:\/\/labelagesolutions.com\/fr\/wp-json\/wp\/v2\/product_tag?post=1722"}],"curies":[{"name":"wp","href":"https:\/\/api.w.org\/{rel}","templated":true}]}}