{"id":1731,"date":"2021-09-20T16:08:34","date_gmt":"2021-09-20T14:08:34","guid":{"rendered":"https:\/\/labelagesolutions.com\/product\/hydrating-reverso-lotion\/"},"modified":"2022-04-08T20:00:04","modified_gmt":"2022-04-08T19:00:04","slug":"lotion-reversible-hydratante","status":"publish","type":"product","link":"https:\/\/labelagesolutions.com\/fr\/produit\/lotion-reversible-hydratante\/","title":{"rendered":"LOTION R\u00c9VERSIBLE HYDRATANTE"},"content":{"rendered":"<p>Cette lotion exquise pour les mains, dot\u00e9e d'une formule d'hydratation intensive tr\u00e8s efficace, est sp\u00e9cialement con\u00e7ue pour am\u00e9liorer l'hydratation et la texture de la peau, inversant ainsi les effets du temps.<\/p>\n","protected":false},"excerpt":{"rendered":"<p>Cette lotion exquise pour les mains, dot\u00e9e d'une formule d'hydratation intensive tr\u00e8s efficace, est sp\u00e9cialement con\u00e7ue pour am\u00e9liorer l'hydratation et la texture de la peau, inversant ainsi les effets du temps.<\/p>\n","protected":false},"featured_media":1415,"template":"","meta":{"_acf_changed":false},"product_brand":[],"product_cat":[58,69],"product_tag":[79],"class_list":{"0":"post-1731","1":"product","2":"type-product","3":"status-publish","4":"has-post-thumbnail","6":"product_cat-hands-fr","7":"product_cat-uncategorized-fr","8":"product_tag-single_product-fr","10":"first","11":"instock","12":"taxable","13":"shipping-taxable","14":"purchasable","15":"product-type-simple"},"acf":[],"_links":{"self":[{"href":"https:\/\/labelagesolutions.com\/fr\/wp-json\/wp\/v2\/product\/1731","targetHints":{"allow":["GET"]}}],"collection":[{"href":"https:\/\/labelagesolutions.com\/fr\/wp-json\/wp\/v2\/product"}],"about":[{"href":"https:\/\/labelagesolutions.com\/fr\/wp-json\/wp\/v2\/types\/product"}],"wp:featuredmedia":[{"embeddable":true,"href":"https:\/\/labelagesolutions.com\/fr\/wp-json\/wp\/v2\/media\/1415"}],"wp:attachment":[{"href":"https:\/\/labelagesolutions.com\/fr\/wp-json\/wp\/v2\/media?parent=1731"}],"wp:term":[{"taxonomy":"product_brand","embeddable":true,"href":"https:\/\/labelagesolutions.com\/fr\/wp-json\/wp\/v2\/product_brand?post=1731"},{"taxonomy":"product_cat","embeddable":true,"href":"https:\/\/labelagesolutions.com\/fr\/wp-json\/wp\/v2\/product_cat?post=1731"},{"taxonomy":"product_tag","embeddable":true,"href":"https:\/\/labelagesolutions.com\/fr\/wp-json\/wp\/v2\/product_tag?post=1731"}],"curies":[{"name":"wp","href":"https:\/\/api.w.org\/{rel}","templated":true}]}}